{"id":124,"date":"2016-01-31T19:08:28","date_gmt":"2016-01-31T19:08:28","guid":{"rendered":"http:\/\/www.agrupamentoolaias.edu.pt\/portal\/?page_id=124"},"modified":"2025-10-11T13:43:56","modified_gmt":"2025-10-11T13:43:56","slug":"refeitorio","status":"publish","type":"page","link":"https:\/\/www.agrupamentoolaias.edu.pt\/portal\/refeitorio\/","title":{"rendered":"Servi\u00e7os"},"content":{"rendered":"\n<h6 style=\"padding-left: 30px;\"><strong><span class=\"seccao\">Hor\u00e1rio de funcionamento dos servi\u00e7os<\/span><\/strong><\/h6>\n<ul>\n<li>\n<h6><strong>Refeit\u00f3rio<\/strong> &#8211; 12:00 \u00e0s 14.00 horas<\/h6>\n<\/li>\n<li>\n<h6><strong>Secretaria:<\/strong><\/h6>\n<ul>\n<li>\n<h6>2\u00aaf, 3\u00aaf, 4\u00aaf e 6\u00aaf &#8211; das 09:30 \u00e0s 12:00 e das 14:30 \u00e0s 16:00<\/h6>\n<\/li>\n<li>\n<h6>5\u00aaf &#8211; das 09:30 \u00e0s 12:30 horas<\/h6>\n<\/li>\n<li>\n<h6><strong>email:<\/strong> secretaria@agrupamentoolaias.edu.pt<\/h6>\n<\/li>\n<\/ul>\n<\/li>\n<li>\n<h6><strong>Reprografia<\/strong> &#8211; 09:15 \u00e0s 12:00 horas e das 13:00 \u00e0s 16:30 horas<\/h6>\n<\/li>\n<li>\n<h6><strong>Bar<\/strong> &#8211; 08:15 \u00e0s 12:00 horas e das 13:00 \u00e0s 16:00 horas<\/h6>\n<\/li>\n<li>\n<h6><strong>Kit tecnol\u00f3gico<\/strong><\/h6>\n<h6>Problemas t\u00e9cnicos e devolu\u00e7\u00f5es:<\/h6>\n<ul>\n<li>\n<h6>3\u00aaf &#8211; 9:30 \u00e0s 13:30 e 14:30 \u00e0s 16:30<\/h6>\n<\/li>\n<li>\n<h6>5\u00aaf &#8211; 9:30 \u00e0s 13:30<\/h6>\n<\/li>\n<\/ul>\n<\/li>\n<\/ul>\n\n\n","protected":false},"excerpt":{"rendered":"<p>Hor\u00e1rio de funcionamento dos servi\u00e7os Refeit\u00f3rio &#8211; 12:00 \u00e0s 14.00 horas Secretaria: 2\u00aaf, 3\u00aaf, 4\u00aaf e 6\u00aaf &#8211; das 09:30<\/p>\n","protected":false},"author":1,"featured_media":1688,"parent":0,"menu_order":0,"comment_status":"closed","ping_status":"closed","template":"","meta":{"footnotes":""},"class_list":["post-124","page","type-page","status-publish","has-post-thumbnail","hentry"],"wppr_data":{"cwp_meta_box_check":"No","cwp_rev_product_name":"","cwp_rev_product_image":"","cwp_image_link":"image","cwp_rev_price":""},"_links":{"self":[{"href":"https:\/\/www.agrupamentoolaias.edu.pt\/portal\/wp-json\/wp\/v2\/pages\/124"}],"collection":[{"href":"https:\/\/www.agrupamentoolaias.edu.pt\/portal\/wp-json\/wp\/v2\/pages"}],"about":[{"href":"https:\/\/www.agrupamentoolaias.edu.pt\/portal\/wp-json\/wp\/v2\/types\/page"}],"author":[{"embeddable":true,"href":"https:\/\/www.agrupamentoolaias.edu.pt\/portal\/wp-json\/wp\/v2\/users\/1"}],"replies":[{"embeddable":true,"href":"https:\/\/www.agrupamentoolaias.edu.pt\/portal\/wp-json\/wp\/v2\/comments?post=124"}],"version-history":[{"count":29,"href":"https:\/\/www.agrupamentoolaias.edu.pt\/portal\/wp-json\/wp\/v2\/pages\/124\/revisions"}],"predecessor-version":[{"id":2712,"href":"https:\/\/www.agrupamentoolaias.edu.pt\/portal\/wp-json\/wp\/v2\/pages\/124\/revisions\/2712"}],"wp:featuredmedia":[{"embeddable":true,"href":"https:\/\/www.agrupamentoolaias.edu.pt\/portal\/wp-json\/wp\/v2\/media\/1688"}],"wp:attachment":[{"href":"https:\/\/www.agrupamentoolaias.edu.pt\/portal\/wp-json\/wp\/v2\/media?parent=124"}],"curies":[{"name":"wp","href":"https:\/\/api.w.org\/{rel}","templated":true}]}}