{"id":1618,"date":"2022-06-04T05:37:57","date_gmt":"2022-06-04T05:37:57","guid":{"rendered":"https:\/\/www.agrupamentoolaias.edu.pt\/portal\/?page_id=1618"},"modified":"2022-06-04T06:10:50","modified_gmt":"2022-06-04T06:10:50","slug":"desporto-escolar-2021-2022","status":"publish","type":"page","link":"https:\/\/www.agrupamentoolaias.edu.pt\/portal\/desporto-escolar-2021-2022\/","title":{"rendered":"Desporto Escolar 2021\/2022"},"content":{"rendered":"\n<p>Resultados das atividades em que os alunos representaram a Escola B\u00e1sica das Olaias, no \u00e2mbito da disciplina de Educa\u00e7\u00e3o F\u00edsica e do Desporto Escolar no ano letivo 2021\/2022.<\/p>\n<p><span style=\"color: #99cc00;\"><strong>Corta Mato CLDE &#8211; 15 de mar\u00e7o de 2022, no Parque da Belavista<\/strong><\/span><\/p>\n<ul>\n<li>1 aluno no 22\u00ba lugar em 71 atletas;<\/li>\n<li>1 aluno no 60\u00ba lugar em 73 atletas e<\/li>\n<li>1 aluno no 79\u00ba lugar em 121 atletas.<\/li>\n<\/ul>\n<p><span style=\"color: #99cc00;\"><strong>Mega Sprinter &#8211; 17 de mar\u00e7o de 2022, no Est\u00e1dio 1\u00ba de Maio \u2013 INATEL<\/strong><\/span><\/p>\n<ul>\n<li>1 aluno &#8211; \u00a03\u00ba lugar no Salto em Comprimento<\/li>\n<\/ul>\n<p><span style=\"color: #99cc00;\"><strong>1.\u00ba Torneio de Futebol Interescolar Hospital da Luz de Futebol 5 &#8211; 21 de mar\u00e7o de 2022<\/strong><\/span><\/p>\n<ul>\n<li><strong>2\u00ba lugar<\/strong><\/li>\n<\/ul>\n<p><span style=\"color: #99cc00;\"><strong>Badminton &#8211; 1\u00ba Encontro, da S\u00e9rie C &#8211; 30 de mar\u00e7o de 2022, na Escola D. Dinis<\/strong><\/span><\/p>\n<ul>\n<li>Escal\u00e3o Infantil B &#8211; 1 aluno no 3\u00ba lugar; 1 aluno no 4\u00ba lugar; 1 aluno no 8\u00ba lugar; 2 alunos no 9\u00ba lugar e 2 alunos no 13\u00ba lugar<\/li>\n<li>Iniciados &#8211; 1 aluno no 1\u00ba lugar; 1 aluno no 2\u00ba; 1 aluno no 4\u00ba lugar; 1 aluno no 9\u00ba lugar e 1 aluno no 13\u00ba lugar<\/li>\n<\/ul>\n<p><span style=\"color: #99cc00;\"><strong>2\u00ba Encontro, da S\u00e9rie C, de Badminton &#8211; 04 de maio de 2022, na Escola D. Dinis<\/strong><\/span><\/p>\n<ul>\n<li>Infantil B &#8211; 1 aluno no 3\u00ba lugar; 1 aluno no 4\u00ba\u00a0 lugar; 1 aluno no 7\u00ba lugar; 1 aluno no 10\u00ba lugar; 2 alunos no 14\u00ba lugar; 1 aluno no 18\u00ba lugar e 1 aluno no 23\u00ba lugar\u00a0<\/li>\n<li>Iniciados &#8211; 1 aluno no 1\u00ba lugar; 1 aluno no 2\u00ba; 1 aluno no 3\u00ba lugar; 1 aluno no 4\u00ba lugar e 1 aluno no 14\u00ba lugar<\/li>\n<\/ul>\n<p><span style=\"color: #99cc00;\"><strong>Fase CLDE \u2013 Lisboa Cidade &#8211; 21 de maio de 2022, na Escola Jos\u00e9 Gomes Ferreira<\/strong><\/span><\/p>\n<ul>\n<li>Infantil B &#8211; 1 aluno no 5\u00ba lugar e 1 aluno no 9\u00ba lugar<\/li>\n<li>Iniciados &#8211; 2 alunos no 5\u00ba lugar e 2 alunos no 9\u00ba lugar<\/li>\n<\/ul>\n<p><span style=\"color: #99cc00;\">1\u00ba Encontro de Futsal Infantis B Masculinos &#8211; 30 de mar\u00e7o de 2022<\/span><\/p>\n<ul>\n<li><strong>1\u00ba LUGAR<\/strong><\/li>\n<\/ul>\n<p><span style=\"color: #99cc00;\">2\u00ba Encontro de Futsal Infantis B, da S\u00e9rie B &#8211; 04 de maio de 2022<\/span><\/p>\n<ul>\n<li><strong>1\u00ba LUGAR<\/strong><\/li>\n<\/ul>\n<p><strong><span style=\"color: #99cc00;\">Encontro Final de Futsal Infantis B &#8211; 01 de junho de 2022<\/span><\/strong><\/p>\n<ul>\n<li><span style=\"color: #000000;\">2\u00ba LUGAR, da CIDADE DE LISBOA DO DESPORTO ESCOLAR<\/span><\/li>\n<\/ul>\n<p><span style=\"color: #99cc00;\"><strong>1\u00ba Encontro de Futsal Iniciados masculinos, da S\u00e9rie C &#8211; 06 de abril de 2022<\/strong><\/span><\/p>\n<p><span style=\"color: #99cc00;\"><strong>2\u00ba Encontro de Futsal Iniciados masculinos, da S\u00e9rie C &#8211; 11 de maio de 2022<\/strong><\/span><\/p>\n<ul>\n<li><strong>2\u00ba LUGAR, da CIDADE DE LISBOA DO DESPORTO ESCOLAR<\/strong><\/li>\n<\/ul>\n<p><span style=\"color: #99cc00;\"><strong>Encontro de GOALBALL &#8211; 27 de abril de 2022<\/strong><\/span><\/p>\n<p><strong><span style=\"color: #99cc00;\">Encontro de GOALBALL &#8211; 25 de maio de 2022<\/span><\/strong><\/p>\n<ul>\n<li>1\u00baLUGAR, da CIDADE DE LISBOA DO DESPORTO ESCOLAR.<\/li>\n<\/ul>\n<p>\u00a0<\/p>\n","protected":false},"excerpt":{"rendered":"<p>Resultados das atividades em que os alunos representaram a Escola B\u00e1sica das Olaias, no \u00e2mbito da disciplina de Educa\u00e7\u00e3o F\u00edsica<\/p>\n","protected":false},"author":1,"featured_media":1619,"parent":0,"menu_order":0,"comment_status":"closed","ping_status":"closed","template":"","meta":{"footnotes":""},"class_list":["post-1618","page","type-page","status-publish","has-post-thumbnail","hentry"],"wppr_data":{"cwp_meta_box_check":"No"},"_links":{"self":[{"href":"https:\/\/www.agrupamentoolaias.edu.pt\/portal\/wp-json\/wp\/v2\/pages\/1618"}],"collection":[{"href":"https:\/\/www.agrupamentoolaias.edu.pt\/portal\/wp-json\/wp\/v2\/pages"}],"about":[{"href":"https:\/\/www.agrupamentoolaias.edu.pt\/portal\/wp-json\/wp\/v2\/types\/page"}],"author":[{"embeddable":true,"href":"https:\/\/www.agrupamentoolaias.edu.pt\/portal\/wp-json\/wp\/v2\/users\/1"}],"replies":[{"embeddable":true,"href":"https:\/\/www.agrupamentoolaias.edu.pt\/portal\/wp-json\/wp\/v2\/comments?post=1618"}],"version-history":[{"count":7,"href":"https:\/\/www.agrupamentoolaias.edu.pt\/portal\/wp-json\/wp\/v2\/pages\/1618\/revisions"}],"predecessor-version":[{"id":1657,"href":"https:\/\/www.agrupamentoolaias.edu.pt\/portal\/wp-json\/wp\/v2\/pages\/1618\/revisions\/1657"}],"wp:featuredmedia":[{"embeddable":true,"href":"https:\/\/www.agrupamentoolaias.edu.pt\/portal\/wp-json\/wp\/v2\/media\/1619"}],"wp:attachment":[{"href":"https:\/\/www.agrupamentoolaias.edu.pt\/portal\/wp-json\/wp\/v2\/media?parent=1618"}],"curies":[{"name":"wp","href":"https:\/\/api.w.org\/{rel}","templated":true}]}}