{"id":2821,"date":"2026-03-13T22:06:29","date_gmt":"2026-03-13T22:06:29","guid":{"rendered":"https:\/\/www.agrupamentoolaias.edu.pt\/portal\/?page_id=2821"},"modified":"2026-04-05T18:48:37","modified_gmt":"2026-04-05T18:48:37","slug":"avaliacao-externa-2025-2026","status":"publish","type":"page","link":"https:\/\/www.agrupamentoolaias.edu.pt\/portal\/avaliacao-externa-2025-2026\/","title":{"rendered":"Avalia\u00e7\u00e3o externa 2025\/2026"},"content":{"rendered":"\n<p><strong>Legisla\u00e7\u00e3o<\/strong><\/p>\n<ul>\n<li><a href=\"https:\/\/www.agrupamentoolaias.edu.pt\/portal\/wp-content\/uploads\/2026\/03\/Despacho-n.o-14616-A_2025-de-9-de-dezembro.pdf\">Despacho n.\u00ba 14616-A_2025, de 9 de dezembro<\/a> \u2013 \u00a0Calend\u00e1rio das provas<\/li>\n<li><a href=\"https:\/\/www.agrupamentoolaias.edu.pt\/portal\/wp-content\/uploads\/2026\/03\/Provas-Ensaio-2026.pdf\">Provas Ensaio 2026<\/a><\/li>\n<li><a href=\"https:\/\/www.agrupamentoolaias.edu.pt\/portal\/wp-content\/uploads\/2026\/03\/Alteracao-ao-calendario-das-provas-ensaio-2025-2026_.pdf\">Altera\u00e7\u00e3o ao calend\u00e1rio das provas ensaio 2025-2026_<\/a><\/li>\n<li><a href=\"https:\/\/www.agrupamentoolaias.edu.pt\/portal\/wp-content\/uploads\/2026\/03\/Despacho-Normativo-no3_2026-de-23-de-fevereiro.pdf\">Despacho Normativo n\u00ba3_2026, de 23 de fevereiro<\/a><\/li>\n<li><a href=\"https:\/\/www.agrupamentoolaias.edu.pt\/portal\/wp-content\/uploads\/2026\/03\/Norma-01_JNE_2026.pdf\">Norma 01_JNE_2026<\/a><\/li>\n<li><a href=\"https:\/\/www.agrupamentoolaias.edu.pt\/portal\/wp-content\/uploads\/2026\/03\/manual_piepe_2026.pdf\">manual_piepe_2026<\/a><\/li>\n<li><a href=\"https:\/\/www.agrupamentoolaias.edu.pt\/portal\/wp-content\/uploads\/2026\/04\/Guia-das-Provas-ensaio.pdf\">Guia das Provas-ensaio<\/a><\/li>\n<li><a href=\"https:\/\/www.agrupamentoolaias.edu.pt\/portal\/wp-content\/uploads\/2026\/04\/Norma-02_JNE-2026.pdf\">Norma 02_JNE 2026<\/a><\/li>\n<\/ul>\n<p><b style=\"font-size: 18px;\">Informa\u00e7\u00f5es-provas ModA\u00a0 \u00a0<\/b><\/p>\n<div>\n<div>\n<ul>\n<li>&#8211; <a href=\"https:\/\/www.agrupamentoolaias.edu.pt\/portal\/wp-content\/uploads\/2026\/03\/IP-Geral-2026_29nov.pdf\" target=\"_blank\" rel=\"noopener\">IP-Geral-2026 &#8211; Informa\u00e7\u00e3o-geral para todas as provas<\/a><\/li>\n<\/ul>\n<p><b>4\u00ba ano<\/b><\/p>\n<\/div>\n<\/div>\n<ul>\n<li><a href=\"https:\/\/www.agrupamentoolaias.edu.pt\/portal\/wp-content\/uploads\/2026\/03\/IP-ModA-EA47-2026-1.pdf\">IP-ModA EA 47-2026<\/a> &#8211; Informa\u00e7\u00e3o sobre\u00a0 prova ModA de Educa\u00e7\u00e3o Art\u00edstica 4\u00ba ano<b><br \/><\/b><\/li>\n<li><a href=\"https:\/\/www.agrupamentoolaias.edu.pt\/portal\/wp-content\/uploads\/2026\/03\/IP-ModA-Mat42-2026-1.pdf\">IP-ModA Mat 42-2026<\/a> &#8211; Informa\u00e7\u00e3o sobre\u00a0 prova ModA de Matem\u00e1tica 4\u00ba ano<\/li>\n<li><a href=\"https:\/\/www.agrupamentoolaias.edu.pt\/portal\/wp-content\/uploads\/2026\/03\/IP-ModA-PLNM43-2026-1.pdf\">IP-ModA PLNM 43-2026<\/a> &#8211; Informa\u00e7\u00e3o sobre\u00a0 prova ModA de PLNM A2 4\u00ba an0<\/li>\n<li><a href=\"https:\/\/www.agrupamentoolaias.edu.pt\/portal\/wp-content\/uploads\/2026\/03\/IP-ModA-PLNM46-2026-1.pdf\">IP-ModA PLNM 46-2026<\/a>\u00a0&#8211; Informa\u00e7\u00e3o sobre\u00a0 prova ModA de PLNM B1 4\u00ba ano<\/li>\n<li><a href=\"https:\/\/www.agrupamentoolaias.edu.pt\/portal\/wp-content\/uploads\/2026\/03\/IP-ModA-Port41-2026-1.pdf\">IP-ModA Port 41-2026<\/a>&#8211; Informa\u00e7\u00e3o sobre\u00a0 prova ModA de Portugu\u00eas 4\u00ba ano<\/li>\n<\/ul>\n<ul>\n<li>\n<div>\n<div><b>6\u00ba ano<\/b><\/div>\n<\/div>\n<\/li>\n<li><a href=\"https:\/\/www.agrupamentoolaias.edu.pt\/portal\/wp-content\/uploads\/2026\/03\/IP-ModA-Ing65-2026-1.pdf\">IP-ModA Ing 65-2026<\/a> &#8211; Informa\u00e7\u00e3o sobre\u00a0 prova ModA de Ingl\u00eas 6\u00ba ano<b><br \/><\/b><\/li>\n<li><a href=\"https:\/\/www.agrupamentoolaias.edu.pt\/portal\/wp-content\/uploads\/2026\/03\/IP-ModA-Mat68-2026-1.pdf\">IP-ModA Mat 68-2026<\/a> &#8211; Informa\u00e7\u00e3o sobre\u00a0 prova ModA de Matem\u00e1tica 6\u00ba ano<b><br \/><\/b><\/li>\n<li>\n<div><a href=\"https:\/\/www.agrupamentoolaias.edu.pt\/portal\/wp-content\/uploads\/2026\/03\/IP-ModA-PLNM63-2026-1.pdf\">IP-ModA PLNM 63-2026<\/a> &#8211; Informa\u00e7\u00e3o sobre\u00a0 prova ModA de PLNM A2 6\u00ba ano<\/div>\n<\/li>\n<li>\n<div><a href=\"https:\/\/www.agrupamentoolaias.edu.pt\/portal\/wp-content\/uploads\/2026\/03\/IP-ModA-PLNM64-2026-1.pdf\">IP-ModA PLNM 64-2026<\/a> &#8211; Informa\u00e7\u00e3o sobre\u00a0 prova ModA de PLNM B1 6\u00ba an0<\/div>\n<\/li>\n<li>\n<div><a href=\"https:\/\/www.agrupamentoolaias.edu.pt\/portal\/wp-content\/uploads\/2026\/03\/IP-ModA-Port61-2026-1.pdf\">IP-ModA Port 61-2026<\/a> &#8211; Informa\u00e7\u00e3o sobre\u00a0 prova ModA de Portugu\u00eas 6\u00ba ano<\/div>\n<\/li>\n<\/ul>\n<div><b>Informa\u00e7\u00f5es-provas finais de ciclo\u00a0 \u00a0<\/b><\/div>\n<ul>\n<li><a href=\"https:\/\/www.agrupamentoolaias.edu.pt\/portal\/wp-content\/uploads\/2026\/03\/IP-PF-EX-PLNM93-94-2026-1.pdf\">IP-PF-EX PLNM 93-94-2026<\/a> &#8211; Informa\u00e7\u00e3o sobre prova final de ciclo de PLNM 9\u00ba ano\u00a0<\/li>\n<li><a href=\"https:\/\/www.agrupamentoolaias.edu.pt\/portal\/wp-content\/uploads\/2026\/03\/IP-PF-Mat92-2026-1.pdf\">IP-PF-Mat 92-2026<\/a> &#8211; Informa\u00e7\u00e3o sobre\u00a0 prova final de ciclo de Matem\u00e1tica\u00a0\u00a09\u00ba ano\u00a0 \u00a0<\/li>\n<li><a href=\"https:\/\/www.agrupamentoolaias.edu.pt\/portal\/wp-content\/uploads\/2026\/03\/IP-PF-Port91-2026.pdf\">IP-PF-Port91-2026<\/a> &#8211; Informa\u00e7\u00e3o sobre prova final de ciclo de Portugu\u00eas 9\u00ba ano<\/li>\n<\/ul>\n<p><b>Documentos internos<\/b><\/p>\n<ul>\n<li><span style=\"font-family: arial, sans-serif;\"><a href=\"https:\/\/www.agrupamentoolaias.edu.pt\/portal\/wp-content\/uploads\/2026\/03\/Informacao-PIEF-3o-ciclo-1.doc\">Informa\u00e7\u00e3o PIEF (3\u00ba ciclo) <\/a>&#8211; Inscri\u00e7\u00e3o de alunos PIEF (3\u00ba ciclo) nas Provas Finais de Ciclo de Portugu\u00eas e Matem\u00e1tica<\/span><\/li>\n<li><a href=\"https:\/\/www.agrupamentoolaias.edu.pt\/portal\/wp-content\/uploads\/2026\/04\/Resumo-do-Guia-P_E_ALUNOS-25-26.pdf\">Resumo do Guia P_E_ALUNOS-25-26<\/a><\/li>\n<li><a href=\"https:\/\/www.agrupamentoolaias.edu.pt\/portal\/wp-content\/uploads\/2026\/04\/Informacao-EE-e-alunos-4.o-ano.pdf\">Informa\u00e7\u00e3o EE e alunos 4.\u00ba ano<\/a><\/li>\n<li><a href=\"https:\/\/www.agrupamentoolaias.edu.pt\/portal\/wp-content\/uploads\/2026\/04\/Informacao-EE-e-alunos-6.o-ano.pdf\">Informa\u00e7\u00e3o EE e alunos 6.\u00ba ano<\/a><\/li>\n<li><a href=\"https:\/\/www.agrupamentoolaias.edu.pt\/portal\/wp-content\/uploads\/2026\/04\/Informacao-EE-e-alunos-9.o-ano.pdf\">Informa\u00e7\u00e3o EE e alunos 9.\u00ba ano<\/a><\/li>\n<\/ul>\n","protected":false},"excerpt":{"rendered":"<p>Legisla\u00e7\u00e3o Despacho n.\u00ba 14616-A_2025, de 9 de dezembro \u2013 \u00a0Calend\u00e1rio das provas Provas Ensaio 2026 Altera\u00e7\u00e3o ao calend\u00e1rio das provas<\/p>\n","protected":false},"author":1,"featured_media":0,"parent":0,"menu_order":0,"comment_status":"closed","ping_status":"closed","template":"","meta":{"footnotes":""},"class_list":["post-2821","page","type-page","status-publish","hentry"],"wppr_data":[],"_links":{"self":[{"href":"https:\/\/www.agrupamentoolaias.edu.pt\/portal\/wp-json\/wp\/v2\/pages\/2821"}],"collection":[{"href":"https:\/\/www.agrupamentoolaias.edu.pt\/portal\/wp-json\/wp\/v2\/pages"}],"about":[{"href":"https:\/\/www.agrupamentoolaias.edu.pt\/portal\/wp-json\/wp\/v2\/types\/page"}],"author":[{"embeddable":true,"href":"https:\/\/www.agrupamentoolaias.edu.pt\/portal\/wp-json\/wp\/v2\/users\/1"}],"replies":[{"embeddable":true,"href":"https:\/\/www.agrupamentoolaias.edu.pt\/portal\/wp-json\/wp\/v2\/comments?post=2821"}],"version-history":[{"count":8,"href":"https:\/\/www.agrupamentoolaias.edu.pt\/portal\/wp-json\/wp\/v2\/pages\/2821\/revisions"}],"predecessor-version":[{"id":2870,"href":"https:\/\/www.agrupamentoolaias.edu.pt\/portal\/wp-json\/wp\/v2\/pages\/2821\/revisions\/2870"}],"wp:attachment":[{"href":"https:\/\/www.agrupamentoolaias.edu.pt\/portal\/wp-json\/wp\/v2\/media?parent=2821"}],"curies":[{"name":"wp","href":"https:\/\/api.w.org\/{rel}","templated":true}]}}