{"id":2903,"date":"2026-05-12T18:36:27","date_gmt":"2026-05-12T18:36:27","guid":{"rendered":"https:\/\/www.agrupamentoolaias.edu.pt\/portal\/?page_id=2903"},"modified":"2026-05-12T20:06:43","modified_gmt":"2026-05-12T20:06:43","slug":"provas-de-avaliacao-extraordinaria","status":"publish","type":"page","link":"https:\/\/www.agrupamentoolaias.edu.pt\/portal\/provas-de-avaliacao-extraordinaria\/","title":{"rendered":"Provas Extraordin\u00e1rias de Avalia\u00e7\u00e3o 1\u00ba ciclo"},"content":{"rendered":"\n<table style=\"border-collapse: collapse; width: 100%;\">\n<tbody>\n<tr>\n<td style=\"width: 50%; text-align: center;\"><strong>3\u00ba ano &#8211; Informa\u00e7\u00e3o<\/strong><\/td>\n<td style=\"width: 50%; text-align: center;\"><strong>4\u00ba ano\u00a0 Informa\u00e7\u00e3o<\/strong><\/td>\n<\/tr>\n<tr>\n<td style=\"width: 50%;\">\n<ul>\n<li><a href=\"https:\/\/www.agrupamentoolaias.edu.pt\/portal\/wp-content\/uploads\/2026\/05\/Informacao-I-PEA-3o-ano.docx\">PEA Ingl\u00eas 3\u00ba ano<\/a><\/li>\n<li><a href=\"https:\/\/www.agrupamentoolaias.edu.pt\/portal\/wp-content\/uploads\/2026\/05\/Informacao-PEA_EducacaoArtistica2526.docx\">PEA Educac\u0327a\u0303o Arti\u0301stica 3\u00ba ano<\/a><\/li>\n<li><a href=\"https:\/\/www.agrupamentoolaias.edu.pt\/portal\/wp-content\/uploads\/2026\/05\/Informacao-PEA_EducacaoFisica2526.docx\">PEA Educac\u0327a\u0303o Fi\u0301sica 3\u00ba ano<\/a><\/li>\n<li><a href=\"https:\/\/www.agrupamentoolaias.edu.pt\/portal\/wp-content\/uploads\/2026\/05\/Informacao-PEA_EstudodoMeio2526.docx\">PEA Estudo do Meio 3\u00ba ano<\/a><\/li>\n<li><a href=\"https:\/\/www.agrupamentoolaias.edu.pt\/portal\/wp-content\/uploads\/2026\/05\/Informacao-PEA_Matematica2526.docx\">PEA Matema\u0301tica 3\u00ba ano<\/a><\/li>\n<li><a href=\"https:\/\/www.agrupamentoolaias.edu.pt\/portal\/wp-content\/uploads\/2026\/05\/Informacao-PEA_Portugues2526.docx\">PEA Portugue\u0302s 3\u00ba ano<\/a><\/li>\n<\/ul>\n<\/td>\n<td style=\"width: 50%;\">\n<ul>\n<li><a href=\"https:\/\/www.agrupamentoolaias.edu.pt\/portal\/wp-content\/uploads\/2026\/05\/Informacao-I-PEA-4o-ano.docx\">PEA Ingl\u00eas\u00a0 4\u00ba ano<\/a><\/li>\n<li><a style=\"font-family: inherit; font-weight: inherit;\" href=\"https:\/\/www.agrupamentoolaias.edu.pt\/portal\/wp-content\/uploads\/2026\/05\/Informacao-prova-PEA-1.o-ciclo-Educacao-Artistica-2025-2026-1.docx\">PEA Educa\u00e7\u00e3o Art\u00edstica 4\u00ba ano<\/a><\/li>\n<li><a style=\"font-family: inherit; font-weight: inherit;\" href=\"https:\/\/www.agrupamentoolaias.edu.pt\/portal\/wp-content\/uploads\/2026\/05\/Informacao-prova-PEA-1.o-ciclo-Educacao-Fisica-2025-2026.docx\">PEA Educa\u00e7\u00e3o F\u00edsica 4\u00ba ano<\/a><\/li>\n<li><a style=\"font-family: inherit; font-weight: inherit;\" href=\"https:\/\/www.agrupamentoolaias.edu.pt\/portal\/wp-content\/uploads\/2026\/05\/Informacao-prova-PEA-1.o-ciclo-Estudo-do-Meio-2025-2026.docx\">PEA Estudo do Meio 4\u00ba ano<\/a><\/li>\n<li><a style=\"font-family: inherit; font-weight: inherit;\" href=\"https:\/\/www.agrupamentoolaias.edu.pt\/portal\/wp-content\/uploads\/2026\/05\/Informacao-prova-PEA-1.o-ciclo-Matematica-2025-2026.docx\">PEA Matem\u00e1tica 4\u00ba ano<\/a><\/li>\n<li><a style=\"font-family: inherit; font-weight: inherit;\" href=\"https:\/\/www.agrupamentoolaias.edu.pt\/portal\/wp-content\/uploads\/2026\/05\/Informacao-prova-PEA-1.o-ciclo-Portugues-2025-2026.docx\">PEA Portugu\u00eas 4\u00ba ano<\/a><\/li>\n<li><a style=\"font-family: inherit; font-weight: inherit;\" href=\"https:\/\/www.agrupamentoolaias.edu.pt\/portal\/wp-content\/uploads\/2026\/05\/Informacao-prova-PEA1.o-ciclo-PLNM-A1-2025-2026.docx\">PEA PLNM A1 4\u00ba ano<\/a><\/li>\n<\/ul>\n<\/td>\n<\/tr>\n<\/tbody>\n<\/table>\n<p>\u00a0<\/p>\n","protected":false},"excerpt":{"rendered":"<p>3\u00ba ano &#8211; Informa\u00e7\u00e3o 4\u00ba ano\u00a0 Informa\u00e7\u00e3o PEA Ingl\u00eas 3\u00ba ano PEA Educac\u0327a\u0303o Arti\u0301stica 3\u00ba ano PEA Educac\u0327a\u0303o Fi\u0301sica 3\u00ba<\/p>\n","protected":false},"author":1,"featured_media":0,"parent":0,"menu_order":0,"comment_status":"closed","ping_status":"closed","template":"","meta":{"footnotes":""},"class_list":["post-2903","page","type-page","status-publish","hentry"],"wppr_data":[],"_links":{"self":[{"href":"https:\/\/www.agrupamentoolaias.edu.pt\/portal\/wp-json\/wp\/v2\/pages\/2903"}],"collection":[{"href":"https:\/\/www.agrupamentoolaias.edu.pt\/portal\/wp-json\/wp\/v2\/pages"}],"about":[{"href":"https:\/\/www.agrupamentoolaias.edu.pt\/portal\/wp-json\/wp\/v2\/types\/page"}],"author":[{"embeddable":true,"href":"https:\/\/www.agrupamentoolaias.edu.pt\/portal\/wp-json\/wp\/v2\/users\/1"}],"replies":[{"embeddable":true,"href":"https:\/\/www.agrupamentoolaias.edu.pt\/portal\/wp-json\/wp\/v2\/comments?post=2903"}],"version-history":[{"count":5,"href":"https:\/\/www.agrupamentoolaias.edu.pt\/portal\/wp-json\/wp\/v2\/pages\/2903\/revisions"}],"predecessor-version":[{"id":2958,"href":"https:\/\/www.agrupamentoolaias.edu.pt\/portal\/wp-json\/wp\/v2\/pages\/2903\/revisions\/2958"}],"wp:attachment":[{"href":"https:\/\/www.agrupamentoolaias.edu.pt\/portal\/wp-json\/wp\/v2\/media?parent=2903"}],"curies":[{"name":"wp","href":"https:\/\/api.w.org\/{rel}","templated":true}]}}