{"id":2924,"date":"2026-05-12T18:58:40","date_gmt":"2026-05-12T18:58:40","guid":{"rendered":"https:\/\/www.agrupamentoolaias.edu.pt\/portal\/?page_id=2924"},"modified":"2026-05-12T20:03:00","modified_gmt":"2026-05-12T20:03:00","slug":"provas-extraordinarias-de-avaliacao-2o-ciclo","status":"publish","type":"page","link":"https:\/\/www.agrupamentoolaias.edu.pt\/portal\/provas-extraordinarias-de-avaliacao-2o-ciclo\/","title":{"rendered":"Provas extraordin\u00e1rias de avalia\u00e7\u00e3o 2\u00ba ciclo"},"content":{"rendered":"\n<table style=\"border-collapse: collapse; width: 100%;\">\n<tbody>\n<tr>\n<td style=\"width: 50%; text-align: center;\"><strong>5\u00ba ano &#8211; Informa\u00e7\u00e3o<\/strong><\/td>\n<td style=\"width: 50%; text-align: center;\"><strong>6\u00ba ano &#8211; Informa\u00e7\u00e3o<\/strong><\/td>\n<\/tr>\n<tr>\n<td style=\"width: 50%;\">\n<ul>\n<li><a href=\"https:\/\/www.agrupamentoolaias.edu.pt\/portal\/wp-content\/uploads\/2026\/05\/Cidadania-e-Desenvolvimento.pdf\">PEA Cidadania e Desenvolvimento 5 ano<\/a><\/li>\n<li><a style=\"font-family: inherit; font-size: inherit; font-weight: inherit;\" href=\"https:\/\/www.agrupamentoolaias.edu.pt\/portal\/wp-content\/uploads\/2026\/05\/Ciencias-Naturais.pdf\">PEA Ci\u00eancias Naturais 5\u00ba ano<\/a><\/li>\n<li><a style=\"font-family: inherit; font-size: inherit; font-weight: inherit;\" href=\"https:\/\/www.agrupamentoolaias.edu.pt\/portal\/wp-content\/uploads\/2026\/05\/Educacao-Fisica.pdf\">PEA Educa\u00e7\u00e3o F\u00edsica 5\u00ba ano<\/a><\/li>\n<li><a style=\"font-family: inherit; font-size: inherit; font-weight: inherit;\" href=\"https:\/\/www.agrupamentoolaias.edu.pt\/portal\/wp-content\/uploads\/2026\/05\/Educacao-Musical.pdf\">PEA Educa\u00e7\u00e3o Musical 5\u00ba ano<\/a><\/li>\n<li><a style=\"font-family: inherit; font-size: inherit; font-weight: inherit;\" href=\"https:\/\/www.agrupamentoolaias.edu.pt\/portal\/wp-content\/uploads\/2026\/05\/Educacao-Tecnologica.pdf\">PEA Educa\u00e7\u00e3o Tecnol\u00f3gica 5\u00ba ano<\/a><\/li>\n<li><a style=\"font-family: inherit; font-size: inherit; font-weight: inherit;\" href=\"https:\/\/www.agrupamentoolaias.edu.pt\/portal\/wp-content\/uploads\/2026\/05\/Educacao-Visual.pdf\">PEA Educa\u00e7\u00e3o Visual 5\u00ba ano<\/a><\/li>\n<li><a style=\"font-family: inherit; font-size: inherit; font-weight: inherit;\" href=\"https:\/\/www.agrupamentoolaias.edu.pt\/portal\/wp-content\/uploads\/2026\/05\/Historia-e-Geografia-de-Portugal.pdf\">PEA Hist\u00f3ria e Geografia de Portugal 5\u00ba ano<\/a><\/li>\n<li><a style=\"font-family: inherit; font-size: inherit; font-weight: inherit;\" href=\"https:\/\/www.agrupamentoolaias.edu.pt\/portal\/wp-content\/uploads\/2026\/05\/Ingles.pdf\">PEA Ingl\u00eas 5\u00ba ano<\/a><\/li>\n<li><a style=\"font-family: inherit; font-size: inherit; font-weight: inherit;\" href=\"https:\/\/www.agrupamentoolaias.edu.pt\/portal\/wp-content\/uploads\/2026\/05\/Matematica.pdf\">PEA Matem\u00e1tica 5\u00ba ano<\/a><\/li>\n<li><a style=\"font-family: inherit; font-size: inherit; font-weight: inherit;\" href=\"https:\/\/www.agrupamentoolaias.edu.pt\/portal\/wp-content\/uploads\/2026\/05\/Portugues.pdf\">PEA Portugu\u00eas 5\u00ba ano<\/a><\/li>\n<li><a style=\"font-family: inherit; font-size: inherit; font-weight: inherit;\" href=\"https:\/\/www.agrupamentoolaias.edu.pt\/portal\/wp-content\/uploads\/2026\/05\/Tecnologias-de-Informacao-e-Comunicacao.pdf\">PEA Tecnologias de Informa\u00e7\u00e3o e Comunica\u00e7\u00e3o 5\u00ba ano<\/a><\/li>\n<\/ul>\n<\/td>\n<td style=\"width: 50%;\">\n<ul>\n<li><a href=\"https:\/\/www.agrupamentoolaias.edu.pt\/portal\/wp-content\/uploads\/2026\/05\/Cidadania-e-Desenvolvimento-1.pdf\">PEA Cidadania e Desenvolvimento 6\u00ba ano\u00a0\u00a0<\/a><\/li>\n<li><a style=\"font-family: inherit; font-size: inherit; font-weight: inherit;\" href=\"https:\/\/www.agrupamentoolaias.edu.pt\/portal\/wp-content\/uploads\/2026\/05\/Ciencias-Naturais-1.pdf\">PEA Ci\u00eancias Naturais 6\u00ba ano<\/a><\/li>\n<li><a style=\"font-family: inherit; font-size: inherit; font-weight: inherit;\" href=\"https:\/\/www.agrupamentoolaias.edu.pt\/portal\/wp-content\/uploads\/2026\/05\/Educacao-Fisica-1.pdf\">PEA Educa\u00e7\u00e3o F\u00edsica 6\u00ba ano<\/a><\/li>\n<li><a style=\"font-family: inherit; font-size: inherit; font-weight: inherit;\" href=\"https:\/\/www.agrupamentoolaias.edu.pt\/portal\/wp-content\/uploads\/2026\/05\/Educacao-Musical-1.pdf\">PEA Educa\u00e7\u00e3o Musical 6\u00ba ano<\/a><\/li>\n<li><a style=\"font-family: inherit; font-size: inherit; font-weight: inherit;\" href=\"https:\/\/www.agrupamentoolaias.edu.pt\/portal\/wp-content\/uploads\/2026\/05\/Educacao-Tecnologica-1.pdf\">PEA Educa\u00e7\u00e3o Tecnol\u00f3gica 6\u00ba ano<\/a><\/li>\n<li><a style=\"font-family: inherit; font-size: inherit; font-weight: inherit;\" href=\"https:\/\/www.agrupamentoolaias.edu.pt\/portal\/wp-content\/uploads\/2026\/05\/Educacao-Visual-1.pdf\">PEA Educa\u00e7\u00e3o Visual 6\u00ba ano<\/a><\/li>\n<li><a style=\"font-family: inherit; font-size: inherit; font-weight: inherit;\" href=\"https:\/\/www.agrupamentoolaias.edu.pt\/portal\/wp-content\/uploads\/2026\/05\/Historia-e-Geografia-de-Portugal-1.pdf\">PEA Hist\u00f3ria e Geografia de Portugal 6\u00ba ano<\/a><\/li>\n<li><a style=\"font-family: inherit; font-size: inherit; font-weight: inherit;\" href=\"https:\/\/www.agrupamentoolaias.edu.pt\/portal\/wp-content\/uploads\/2026\/05\/Ingles-1.pdf\">PEA Ingl\u00eas_6\u00ba ano<\/a><\/li>\n<li><a style=\"font-family: inherit; font-size: inherit; font-weight: inherit;\" href=\"https:\/\/www.agrupamentoolaias.edu.pt\/portal\/wp-content\/uploads\/2026\/05\/Matematica-1.pdf\">PEA Matem\u00e1tica 6\u00ba ano<\/a><\/li>\n<li><a style=\"font-family: inherit; font-size: inherit; font-weight: inherit;\" href=\"https:\/\/www.agrupamentoolaias.edu.pt\/portal\/wp-content\/uploads\/2026\/05\/Portugues-1.pdf\">PEA Portugu\u00eas 6\u00ba ano<\/a><\/li>\n<li><a style=\"font-family: inherit; font-size: inherit; font-weight: inherit;\" href=\"https:\/\/www.agrupamentoolaias.edu.pt\/portal\/wp-content\/uploads\/2026\/05\/Tecnologias-de-Informacao-e-Comunicacao-1.pdf\">PEA Tecnologias de Informa\u00e7\u00e3o e Comunica\u00e7\u00e3o 6\u00ba ano<\/a><\/li>\n<\/ul>\n<\/td>\n<\/tr>\n<\/tbody>\n<\/table>\n","protected":false},"excerpt":{"rendered":"<p>5\u00ba ano &#8211; Informa\u00e7\u00e3o 6\u00ba ano &#8211; Informa\u00e7\u00e3o PEA Cidadania e Desenvolvimento 5 ano PEA Ci\u00eancias Naturais 5\u00ba ano PEA<\/p>\n","protected":false},"author":1,"featured_media":0,"parent":0,"menu_order":0,"comment_status":"closed","ping_status":"closed","template":"","meta":{"footnotes":""},"class_list":["post-2924","page","type-page","status-publish","hentry"],"wppr_data":[],"_links":{"self":[{"href":"https:\/\/www.agrupamentoolaias.edu.pt\/portal\/wp-json\/wp\/v2\/pages\/2924"}],"collection":[{"href":"https:\/\/www.agrupamentoolaias.edu.pt\/portal\/wp-json\/wp\/v2\/pages"}],"about":[{"href":"https:\/\/www.agrupamentoolaias.edu.pt\/portal\/wp-json\/wp\/v2\/types\/page"}],"author":[{"embeddable":true,"href":"https:\/\/www.agrupamentoolaias.edu.pt\/portal\/wp-json\/wp\/v2\/users\/1"}],"replies":[{"embeddable":true,"href":"https:\/\/www.agrupamentoolaias.edu.pt\/portal\/wp-json\/wp\/v2\/comments?post=2924"}],"version-history":[{"count":4,"href":"https:\/\/www.agrupamentoolaias.edu.pt\/portal\/wp-json\/wp\/v2\/pages\/2924\/revisions"}],"predecessor-version":[{"id":2954,"href":"https:\/\/www.agrupamentoolaias.edu.pt\/portal\/wp-json\/wp\/v2\/pages\/2924\/revisions\/2954"}],"wp:attachment":[{"href":"https:\/\/www.agrupamentoolaias.edu.pt\/portal\/wp-json\/wp\/v2\/media?parent=2924"}],"curies":[{"name":"wp","href":"https:\/\/api.w.org\/{rel}","templated":true}]}}