{"id":3009,"date":"2026-05-13T10:30:54","date_gmt":"2026-05-13T10:30:54","guid":{"rendered":"https:\/\/www.agrupamentoolaias.edu.pt\/portal\/?page_id=3009"},"modified":"2026-05-13T10:43:01","modified_gmt":"2026-05-13T10:43:01","slug":"informacao-prova-de-equivalencia-a-frequencia","status":"publish","type":"page","link":"https:\/\/www.agrupamentoolaias.edu.pt\/portal\/informacao-prova-de-equivalencia-a-frequencia\/","title":{"rendered":"Provas de Equival\u00eancia \u00e0 Frequ\u00eancia 2025\/2026"},"content":{"rendered":"\n<ul>\n<li><a href=\"https:\/\/www.agrupamentoolaias.edu.pt\/portal\/wp-content\/uploads\/2026\/05\/CALENDARIO-DE-PEF-2o-CICLO-2025-2026.pdf\">CALEND\u00c1RIO DE PEF-2\u00ba CICLO-2025-2026<\/a><\/li>\n<li><a href=\"https:\/\/www.agrupamentoolaias.edu.pt\/portal\/wp-content\/uploads\/2026\/05\/CALENDARIO-DE-PEF-3o-ciclo_2025-2026.pdf\">CALEND\u00c1RIO DE PEF-3\u00ba ciclo_2025-2026<\/a><\/li>\n<\/ul>\n\n\n\n<table style=\"border-collapse: collapse; width: 100%;\">\n<tbody>\n<tr>\n<td style=\"width: 50%; text-align: center;\"><strong>2\u00ba ciclo &#8211; Informa\u00e7\u00e3o-Prova<\/strong><\/td>\n<td style=\"width: 50%; text-align: center;\"><strong>3\u00ba ciclo &#8211; Informa\u00e7\u00e3o-Prova<\/strong><\/td>\n<\/tr>\n<tr>\n<td style=\"width: 50%;\">\n<ul>\n<li><a href=\"https:\/\/www.agrupamentoolaias.edu.pt\/portal\/wp-content\/uploads\/2026\/05\/PEF-Cidadania-e-Desenvolvimento-2ociclo.pdf\">PEF Cidadania e Desenvolvimento 2\u00baciclo<\/a><\/li>\n<li><a style=\"font-family: inherit; font-size: inherit; font-weight: inherit;\" href=\"https:\/\/www.agrupamentoolaias.edu.pt\/portal\/wp-content\/uploads\/2026\/05\/PEF-Ciencias-Naturais-2ociclo.pdf\">PEF Ci\u00eancias Naturais 2\u00baciclo<\/a><\/li>\n<li><a style=\"font-family: inherit; font-size: inherit; font-weight: inherit;\" href=\"https:\/\/www.agrupamentoolaias.edu.pt\/portal\/wp-content\/uploads\/2026\/05\/PEF-Educacao-Fisica-atestado-medico-2o-ciclo.pdf\">PEF Educa\u00e7\u00e3o F\u00edsica (atestado m\u00e9dico) 2\u00ba ciclo<\/a><\/li>\n<li><a style=\"font-family: inherit; font-size: inherit; font-weight: inherit;\" href=\"https:\/\/www.agrupamentoolaias.edu.pt\/portal\/wp-content\/uploads\/2026\/05\/PEF-Educacao-Fisica-2o-ciclo.pdf\">PEF Educa\u00e7\u00e3o F\u00edsica 2\u00ba ciclo<\/a><\/li>\n<li><a style=\"font-family: inherit; font-size: inherit; font-weight: inherit;\" href=\"https:\/\/www.agrupamentoolaias.edu.pt\/portal\/wp-content\/uploads\/2026\/05\/PEF-Educacao-Musical-2o-ciclo.pdf\">PEF Educa\u00e7\u00e3o Musical 2\u00ba ciclo<\/a><\/li>\n<li><a style=\"font-family: inherit; font-size: inherit; font-weight: inherit;\" href=\"https:\/\/www.agrupamentoolaias.edu.pt\/portal\/wp-content\/uploads\/2026\/05\/PEF-Educacao-Tecnologica-2o-ciclo.pdf\">PEF Educa\u00e7\u00e3o Tecnol\u00f3gica 2\u00ba ciclo<\/a><\/li>\n<li><a style=\"font-family: inherit; font-size: inherit; font-weight: inherit;\" href=\"https:\/\/www.agrupamentoolaias.edu.pt\/portal\/wp-content\/uploads\/2026\/05\/PEF-Educacao-Visual-2o-ciclo.pdf\">PEF Educa\u00e7\u00e3o Visual 2\u00ba ciclo<\/a><\/li>\n<li><a style=\"font-family: inherit; font-size: inherit; font-weight: inherit;\" href=\"https:\/\/www.agrupamentoolaias.edu.pt\/portal\/wp-content\/uploads\/2026\/05\/PEF-Historia-e-Geografia-de-Portugal-2o-ciclo.pdf\">PEF Hist\u00f3ria e Geografia de Portugal 2\u00ba ciclo<\/a><\/li>\n<li><a style=\"font-family: inherit; font-size: inherit; font-weight: inherit;\" href=\"https:\/\/www.agrupamentoolaias.edu.pt\/portal\/wp-content\/uploads\/2026\/05\/PEF-Ingles-2o-ciclo.pdf\">PEF Ingl\u00eas 2\u00ba ciclo<\/a><\/li>\n<li><a style=\"font-family: inherit; font-size: inherit; font-weight: inherit;\" href=\"https:\/\/www.agrupamentoolaias.edu.pt\/portal\/wp-content\/uploads\/2026\/05\/PEF-Matematica-2o-ciclo.pdf\">PEF Matem\u00e1tica 2\u00ba ciclo<\/a><\/li>\n<li><a style=\"font-family: inherit; font-size: inherit; font-weight: inherit;\" href=\"https:\/\/www.agrupamentoolaias.edu.pt\/portal\/wp-content\/uploads\/2026\/05\/PEF-Portugues-2o-ciclo.pdf\">PEF Portugu\u00eas 2\u00ba ciclo<\/a><\/li>\n<li><a style=\"font-family: inherit; font-size: inherit; font-weight: inherit;\" href=\"https:\/\/www.agrupamentoolaias.edu.pt\/portal\/wp-content\/uploads\/2026\/05\/PEF-Tecnologias-de-Informacao-e-Comunicacao-2o-ciclo.pdf\">PEF Tecnologias de Informa\u00e7\u00e3o e Comunica\u00e7\u00e3o 2\u00ba ciclo<\/a><\/li>\n<\/ul>\n<\/td>\n<td style=\"width: 50%;\">\n<ul>\n<li style=\"list-style-type: none;\">\n<ul>\n<li><a href=\"https:\/\/www.agrupamentoolaias.edu.pt\/portal\/wp-content\/uploads\/2026\/05\/PEF-Cidadania-e-Desenvolvimento-3o-ciclo.pdf\">PEF Cidadania e Desenvolvimento 3\u00ba ciclo<\/a><\/li>\n<li><a style=\"font-family: inherit; font-size: inherit; font-weight: inherit;\" href=\"https:\/\/www.agrupamentoolaias.edu.pt\/portal\/wp-content\/uploads\/2026\/05\/PEF-Ciencias-Naturais-3o-ciclo.pdf\">PEF Ci\u00eancias Naturais 3\u00ba ciclo<\/a><\/li>\n<li><a style=\"font-family: inherit; font-size: inherit; font-weight: inherit;\" href=\"https:\/\/www.agrupamentoolaias.edu.pt\/portal\/wp-content\/uploads\/2026\/05\/PEFducacao-Fisica-atestado-medico-3o-ciclo.pdf\">PEF Educa\u00e7\u00e3o F\u00edsica (atestado m\u00e9dico) 3\u00ba ciclo<\/a><\/li>\n<li><a style=\"font-family: inherit; font-size: inherit; font-weight: inherit;\" href=\"https:\/\/www.agrupamentoolaias.edu.pt\/portal\/wp-content\/uploads\/2026\/05\/PEF-Educacao-Fisica-3o-ciclo.pdf\">PEF Educa\u00e7\u00e3o F\u00edsica 3\u00ba ciclo<\/a><\/li>\n<li><a style=\"font-family: inherit; font-size: inherit; font-weight: inherit;\" href=\"https:\/\/www.agrupamentoolaias.edu.pt\/portal\/wp-content\/uploads\/2026\/05\/PEF-Educacao-Tecnologica-3o-ciclo.pdf\">PEF Educa\u00e7\u00e3o Tecnol\u00f3gica 3\u00ba ciclo<\/a><\/li>\n<li><a style=\"font-family: inherit; font-size: inherit; font-weight: inherit;\" href=\"https:\/\/www.agrupamentoolaias.edu.pt\/portal\/wp-content\/uploads\/2026\/05\/PEF-Educacao-Visual-3o-ciclo.pdf\">PEF Educa\u00e7\u00e3o Visual 3\u00ba ciclo<\/a><\/li>\n<li><a style=\"font-family: inherit; font-size: inherit; font-weight: inherit;\" href=\"https:\/\/www.agrupamentoolaias.edu.pt\/portal\/wp-content\/uploads\/2026\/05\/PEF-Fisico-Quimica-3o-ciclo.pdf\">PEF F\u00edsico-Qu\u00edmica 3\u00ba ciclo<\/a><\/li>\n<li><a style=\"font-family: inherit; font-size: inherit; font-weight: inherit;\" href=\"https:\/\/www.agrupamentoolaias.edu.pt\/portal\/wp-content\/uploads\/2026\/05\/PEF-Frances-3o-ciclo.pdf\">PEF Franc\u00eas 3\u00ba ciclo<\/a><\/li>\n<li><a style=\"font-family: inherit; font-size: inherit; font-weight: inherit;\" href=\"https:\/\/www.agrupamentoolaias.edu.pt\/portal\/wp-content\/uploads\/2026\/05\/PEF-Geografia-3o-ciclo.pdf\">PEF Geografia 3\u00ba ciclo<\/a><\/li>\n<li><a style=\"font-family: inherit; font-size: inherit; font-weight: inherit;\" href=\"https:\/\/www.agrupamentoolaias.edu.pt\/portal\/wp-content\/uploads\/2026\/05\/PEF-Historia-3o-ciclo.pdf\">PEF Hist\u00f3ria 3\u00ba ciclo<\/a><\/li>\n<li><a style=\"font-family: inherit; font-size: inherit; font-weight: inherit;\" href=\"https:\/\/www.agrupamentoolaias.edu.pt\/portal\/wp-content\/uploads\/2026\/05\/PEF-Ingles-3o-ciclo.pdf\">PEF Ingl\u00eas 3\u00ba ciclo<\/a><\/li>\n<li><a style=\"font-family: inherit; font-size: inherit; font-weight: inherit;\" href=\"https:\/\/www.agrupamentoolaias.edu.pt\/portal\/wp-content\/uploads\/2026\/05\/PEF-Tecnologias-de-Informacao-e-Comunicacao-3o-ciclo.pdf\">PEF Tecnologias de Informa\u00e7\u00e3o e Comunica\u00e7\u00e3o 3\u00ba ciclo<\/a><\/li>\n<\/ul>\n<\/li>\n<\/ul>\n<\/td>\n<\/tr>\n<\/tbody>\n<\/table>\n\n\n","protected":false},"excerpt":{"rendered":"<p>CALEND\u00c1RIO DE PEF-2\u00ba CICLO-2025-2026 CALEND\u00c1RIO DE PEF-3\u00ba ciclo_2025-2026 2\u00ba ciclo &#8211; Informa\u00e7\u00e3o-Prova 3\u00ba ciclo &#8211; Informa\u00e7\u00e3o-Prova PEF Cidadania e Desenvolvimento<\/p>\n","protected":false},"author":1,"featured_media":0,"parent":0,"menu_order":0,"comment_status":"closed","ping_status":"closed","template":"","meta":{"footnotes":""},"class_list":["post-3009","page","type-page","status-publish","hentry"],"wppr_data":[],"_links":{"self":[{"href":"https:\/\/www.agrupamentoolaias.edu.pt\/portal\/wp-json\/wp\/v2\/pages\/3009"}],"collection":[{"href":"https:\/\/www.agrupamentoolaias.edu.pt\/portal\/wp-json\/wp\/v2\/pages"}],"about":[{"href":"https:\/\/www.agrupamentoolaias.edu.pt\/portal\/wp-json\/wp\/v2\/types\/page"}],"author":[{"embeddable":true,"href":"https:\/\/www.agrupamentoolaias.edu.pt\/portal\/wp-json\/wp\/v2\/users\/1"}],"replies":[{"embeddable":true,"href":"https:\/\/www.agrupamentoolaias.edu.pt\/portal\/wp-json\/wp\/v2\/comments?post=3009"}],"version-history":[{"count":7,"href":"https:\/\/www.agrupamentoolaias.edu.pt\/portal\/wp-json\/wp\/v2\/pages\/3009\/revisions"}],"predecessor-version":[{"id":3046,"href":"https:\/\/www.agrupamentoolaias.edu.pt\/portal\/wp-json\/wp\/v2\/pages\/3009\/revisions\/3046"}],"wp:attachment":[{"href":"https:\/\/www.agrupamentoolaias.edu.pt\/portal\/wp-json\/wp\/v2\/media?parent=3009"}],"curies":[{"name":"wp","href":"https:\/\/api.w.org\/{rel}","templated":true}]}}