{"id":638,"date":"2020-04-16T08:16:49","date_gmt":"2020-04-16T08:16:49","guid":{"rendered":"http:\/\/www.agrupamentoolaias.edu.pt\/portal\/?page_id=638"},"modified":"2020-05-28T09:17:28","modified_gmt":"2020-05-28T09:17:28","slug":"3o-periodo-20192020-orientacoes","status":"publish","type":"page","link":"https:\/\/www.agrupamentoolaias.edu.pt\/portal\/3o-periodo-20192020-orientacoes\/","title":{"rendered":"3\u00ba Per\u00edodo &#8211; 2019\/2020 &#8211; Orienta\u00e7\u00f5es"},"content":{"rendered":"<h2><span style=\"color: #ff6600;\"><strong>Orienta\u00e7\u00f5es para a Reabertura da Educa\u00e7\u00e3o Pr\u00e9-Escolar<\/strong><\/span><\/h2>\n<h3><a href=\"https:\/\/www.agrupamentoolaias.edu.pt\/portal\/wp-content\/uploads\/2020\/04\/Orientac\u0327o\u0303es-para-a-Reabertura-da-Educac\u0327a\u0303o-Pre\u0301-Escolar-003.pdf\" rel=\"\">Orientac\u0327o\u0303es para a Reabertura da Educac\u0327a\u0303o Pre\u0301-Escolar<\/a><\/h3>\n<h2><span style=\"color: #ff6600;\"><strong>Orienta\u00e7\u00f5es sobre o Estudo \u00e0 Dist\u00e2ncia durante o 3\u00ba Per\u00edodo<\/strong><\/span><\/h2>\n<ul style=\"list-style-type: square;\">\n<li>\n<h2><a href=\"https:\/\/www.agrupamentoolaias.edu.pt\/portal\/wp-content\/uploads\/2020\/04\/EstudoEmCasa_Hor\u00e1rio.pdf\" target=\"_blank\" rel=\"\">Estudo Em Casa &#8211; Hor\u00e1rio<\/a><\/h2>\n<\/li>\n<li>\n<h2><a href=\"https:\/\/www.agrupamentoolaias.edu.pt\/portal\/wp-content\/uploads\/2020\/04\/DL14G_2020.13abr-1.pdf\" target=\"_blank\" rel=\"\">DL 14G 2020 de 13 abril<\/a><\/h2>\n<\/li>\n<\/ul>\n<p>Estabelece as medidas excecionais e tempor\u00e1rias na \u00e1rea da educa\u00e7\u00e3o, no \u00e2mbito da pandemia da doen\u00e7a COVID-19.<\/p>\n","protected":false},"excerpt":{"rendered":"<p>Orienta\u00e7\u00f5es para a Reabertura da Educa\u00e7\u00e3o Pr\u00e9-Escolar Orientac\u0327o\u0303es para a Reabertura da Educac\u0327a\u0303o Pre\u0301-Escolar Orienta\u00e7\u00f5es sobre o Estudo \u00e0 Dist\u00e2ncia<\/p>\n","protected":false},"author":1,"featured_media":0,"parent":0,"menu_order":1,"comment_status":"closed","ping_status":"closed","template":"","meta":{"footnotes":""},"class_list":["post-638","page","type-page","status-publish","hentry"],"wppr_data":{"cwp_meta_box_check":"No","cwp_rev_product_name":"","cwp_rev_product_image":"","cwp_image_link":"image","cwp_rev_price":""},"_links":{"self":[{"href":"https:\/\/www.agrupamentoolaias.edu.pt\/portal\/wp-json\/wp\/v2\/pages\/638"}],"collection":[{"href":"https:\/\/www.agrupamentoolaias.edu.pt\/portal\/wp-json\/wp\/v2\/pages"}],"about":[{"href":"https:\/\/www.agrupamentoolaias.edu.pt\/portal\/wp-json\/wp\/v2\/types\/page"}],"author":[{"embeddable":true,"href":"https:\/\/www.agrupamentoolaias.edu.pt\/portal\/wp-json\/wp\/v2\/users\/1"}],"replies":[{"embeddable":true,"href":"https:\/\/www.agrupamentoolaias.edu.pt\/portal\/wp-json\/wp\/v2\/comments?post=638"}],"version-history":[{"count":3,"href":"https:\/\/www.agrupamentoolaias.edu.pt\/portal\/wp-json\/wp\/v2\/pages\/638\/revisions"}],"predecessor-version":[{"id":689,"href":"https:\/\/www.agrupamentoolaias.edu.pt\/portal\/wp-json\/wp\/v2\/pages\/638\/revisions\/689"}],"wp:attachment":[{"href":"https:\/\/www.agrupamentoolaias.edu.pt\/portal\/wp-json\/wp\/v2\/media?parent=638"}],"curies":[{"name":"wp","href":"https:\/\/api.w.org\/{rel}","templated":true}]}}