{"id":657,"date":"2020-05-15T15:32:41","date_gmt":"2020-05-15T15:32:41","guid":{"rendered":"http:\/\/www.agrupamentoolaias.edu.pt\/portal\/?page_id=657"},"modified":"2020-07-04T16:31:27","modified_gmt":"2020-07-04T16:31:27","slug":"provas-de-equivalencia-a-frequencia-20192020","status":"publish","type":"page","link":"https:\/\/www.agrupamentoolaias.edu.pt\/portal\/provas-de-equivalencia-a-frequencia-20192020\/","title":{"rendered":"Provas de Equival\u00eancia \u00e0 Frequ\u00eancia 2019\/2020"},"content":{"rendered":"<h3 style=\"padding-left: 60px; text-align: left;\">Legisla\u00e7\u00e3o<\/h3>\n<p style=\"padding-left: 120px;\">&#8211;\u00a0<a href=\"https:\/\/www.agrupamentoolaias.edu.pt\/portal\/wp-content\/uploads\/2020\/06\/Despacho-Normativo-n.\u00ba-3_A2020-inclui-Regulamento-de-Exames.pdf\" target=\"_blank\" rel=\"\">Despacho Normativo n.\u00ba 3_A2020\u00a0 (inclui Regulamento de Exames)<\/a><\/p>\n<p style=\"padding-left: 120px;\">&#8211;\u00a0<a href=\"https:\/\/www.agrupamentoolaias.edu.pt\/portal\/wp-content\/uploads\/2020\/06\/Decreto-Lei-n.\u00ba-14-G-2020-de-13-de-abril.pdf\" target=\"_blank\" rel=\"\">Decreto-Lei n.\u00ba 14-G 2020, de 13 de abril<\/a><\/p>\n<p style=\"padding-left: 120px;\">&#8211;\u00a0<a href=\"https:\/\/www.agrupamentoolaias.edu.pt\/portal\/wp-content\/uploads\/2020\/06\/Norma02_JNE_2020.pdf\" target=\"_blank\" rel=\"\">Norma 02 JNE 2020<\/a><\/p>\n<p style=\"padding-left: 120px;\">&#8211;\u00a0<a href=\"https:\/\/www.agrupamentoolaias.edu.pt\/portal\/wp-content\/uploads\/2020\/06\/Norma01_JNE_2020.pdf\" target=\"_blank\" rel=\"\">Norma 01 JNE_2020<\/a><\/p>\n<h3 style=\"padding-left: 60px;\">Documentos internos<\/h3>\n<p style=\"padding-left: 120px;\">&#8211;\u00a0<a href=\"https:\/\/www.agrupamentoolaias.edu.pt\/portal\/wp-content\/uploads\/2020\/06\/1\u00aa-Informa\u00e7\u00e3o-aos-alunos-e-EE_Provas-de-equival\u00eancia-\u00e0-frequ\u00eancia.pdf\" target=\"_blank\" rel=\"\">1\u00aa Informa\u00e7\u00e3o aos alunos e EE &#8211; Provas de equival\u00eancia \u00e0 frequ\u00eancia<\/a><\/p>\n<p style=\"padding-left: 120px;\">&#8211;\u00a0<a href=\"https:\/\/www.agrupamentoolaias.edu.pt\/portal\/wp-content\/uploads\/2020\/06\/1\u00aa-Informa\u00e7\u00e3o-aos-alunos-e-EE_Provas-de-equival\u00eancia-\u00e0-frequ\u00eancia.pdf\" rel=\"\">Provas de equival\u00eancia \u00e0 frequ\u00eancia<\/a> <a href=\"https:\/\/www.agrupamentoolaias.edu.pt\/portal\/wp-content\/uploads\/2020\/06\/Resumo-da-Norma-2-alunos-19-20-1.pdf\" target=\"_blank\" rel=\"\">Resumo da Norma 2 alunos 19-20<\/a><\/p>\n<p style=\"padding-left: 120px;\">&#8211;\u00a0<a href=\"https:\/\/www.agrupamentoolaias.edu.pt\/portal\/wp-content\/uploads\/2020\/06\/Provas-de-equival\u00eancia-\u00e0-frequ\u00eancia-do-2.pdf\" target=\"_blank\" rel=\"\">Aviso &#8211; Equipamentos M\u00f3veis<\/a><\/p>\n<h3 style=\"padding-left: 60px; text-align: left;\"><span style=\"color: #ff0000;\"><strong><a style=\"color: #ff0000;\" href=\"https:\/\/www.agrupamentoolaias.edu.pt\/portal\/wp-content\/uploads\/2020\/05\/CALEND\u00c1RIO-DE-PEF-9\u00ba-ANO-2019-2020-1.pdf\" target=\"_blank\" rel=\"\">CALEND\u00c1RIO DAS PROVAS<\/a>\u00a0&#8211;\u00a03\u00ba CICLO<\/strong><\/span><\/h3>\n<h3 style=\"text-align: left; padding-left: 120px;\"><span style=\"color: #000000;\"><strong>INFORMA\u00c7\u00d5ES PROVA &#8211; 3\u00ba CICLO<\/strong><\/span><\/h3>\n<p style=\"padding-left: 120px;\"><span style=\"color: #000000;\">&#8211;\u00a0<a style=\"color: #000000;\" href=\"https:\/\/www.agrupamentoolaias.edu.pt\/portal\/wp-content\/uploads\/2020\/05\/Informa\u00e7\u00e3o-Prova-de-EF-de-CN-9-2020.pdf\" target=\"_blank\" rel=\"\">INFORMA\u00c7\u00c3O PROVA &#8211; CI\u00caNCIAS NATURAIS<\/a><\/span><\/p>\n<p style=\"padding-left: 120px;\"><span style=\"color: #000000;\">&#8211;\u00a0<a style=\"color: #000000;\" href=\"https:\/\/www.agrupamentoolaias.edu.pt\/portal\/wp-content\/uploads\/2020\/05\/19.20-Informa\u00e7\u00e3o-PEF.EDF-3\u00ba-ciclo.pdf\" target=\"_blank\" rel=\"\">INFORMA\u00c7\u00c3O PROVA EDUCA\u00c7\u00c3O F\u00cdSICA<\/a><\/span><\/p>\n<p style=\"padding-left: 120px;\"><span style=\"color: #000000;\">&#8211;\u00a0<a style=\"color: #000000;\" href=\"https:\/\/www.agrupamentoolaias.edu.pt\/portal\/wp-content\/uploads\/2020\/05\/Informa\u00e7\u00e3o_Prova-EV_2019-2020_3ciclo.pdf\" target=\"_blank\" rel=\"\">INFORMA\u00c7\u00c3O PROVA EDUCA\u00c7\u00c3O VISUAL<\/a><\/span><\/p>\n<p style=\"padding-left: 120px;\"><span style=\"color: #000000;\">&#8211;\u00a0<a style=\"color: #000000;\" href=\"https:\/\/www.agrupamentoolaias.edu.pt\/portal\/wp-content\/uploads\/2020\/05\/19.20-INFORMA\u00c7\u00c3O-prova-FR.pdf\" target=\"_blank\" rel=\"\">INFORMA\u00c7\u00c3O PROVA FRANC\u00caS<\/a><\/span><\/p>\n<p style=\"padding-left: 120px;\"><span style=\"color: #000000;\">&#8211; <a style=\"color: #000000;\" href=\"https:\/\/www.agrupamentoolaias.edu.pt\/portal\/wp-content\/uploads\/2020\/05\/Informa\u00e7\u00e3o-Prova-CFQ-3\u00ba-ciclo.pdf\" target=\"_blank\" rel=\"\">INFORMA\u00c7\u00c3O PROVA- CFQ<\/a><\/span><\/p>\n<p style=\"padding-left: 120px;\"><span style=\"color: #000000;\">&#8211; <a style=\"color: #000000;\" href=\"https:\/\/www.agrupamentoolaias.edu.pt\/portal\/wp-content\/uploads\/2020\/05\/Informa\u00e7\u00e3o-geografia.pdf\" target=\"_blank\" rel=\"\">INFORMA\u00c7\u00c3O PROVA DE GEOGRAFIA<\/a><\/span><\/p>\n<p style=\"padding-left: 120px;\"><span style=\"color: #000000;\">&#8211;\u00a0<a style=\"color: #000000;\" href=\"https:\/\/www.agrupamentoolaias.edu.pt\/portal\/wp-content\/uploads\/2020\/05\/Grelha-de-Informa\u00e7\u00e3o-PEF-Hist\u00f3ria-19-20.pdf\" target=\"_blank\" rel=\"\">INFORMA\u00c7\u00c3O PROVA &#8211; HIST\u00d3RIA<\/a><\/span><\/p>\n<p style=\"padding-left: 120px;\"><span style=\"color: #000000;\">&#8211;\u00a0<a style=\"color: #000000;\" href=\"https:\/\/www.agrupamentoolaias.edu.pt\/portal\/wp-content\/uploads\/2020\/05\/Informa\u00e7\u00e3o-Prova-de-E.-Freq.Ing-c\u00f3digo-21.pdf\" target=\"_blank\" rel=\"\">INFORMA\u00c7\u00c3O PROVA &#8211; INGL\u00caS<\/a><\/span><\/p>\n<p style=\"padding-left: 120px;\"><span style=\"color: #000000;\">&#8211;\u00a0<a style=\"color: #000000;\" href=\"https:\/\/www.agrupamentoolaias.edu.pt\/portal\/wp-content\/uploads\/2020\/05\/Informa\u00e7\u00e3o-Prova-MAT-3\u00ba-ciclo-92.pdf\" target=\"_blank\" rel=\"\">INFORMA\u00c7\u00c3O PROVA &#8211; MATEM\u00c1TICA<\/a><\/span><\/p>\n<p style=\"padding-left: 120px;\"><span style=\"color: #000000;\">&#8211; <a style=\"color: #000000;\" href=\"https:\/\/www.agrupamentoolaias.edu.pt\/portal\/wp-content\/uploads\/2020\/05\/19.20-Informa\u00e7\u00e3o-Prova-de-Eq.-Freq_PORT_2019_2020.pdf\" target=\"_blank\" rel=\"\">INFORMA\u00c7\u00c3O PROVA PORTUGU\u00caS<\/a><\/span><\/p>\n<p style=\"padding-left: 120px;\"><span style=\"color: #000000;\">&#8211;\u00a0<a style=\"color: #000000;\" href=\"https:\/\/www.agrupamentoolaias.edu.pt\/portal\/wp-content\/uploads\/2020\/05\/Informa\u00e7\u00e3o-prova-PLNM-Inicia\u00e7\u00e3o-C\u00f3d.93-2019-2020.pdf\" target=\"_blank\" rel=\"\">INFORMA\u00c7\u00c3O PROVA &#8211; PORTUGU\u00caS L\u00cdNGUA N\u00c3O MATERNA<\/a><\/span><\/p>\n<h3 style=\"padding-left: 90px;\"><span style=\"color: #ff0000;\"><strong><a style=\"color: #ff0000;\" href=\"https:\/\/www.agrupamentoolaias.edu.pt\/portal\/wp-content\/uploads\/2020\/06\/Xerox-Scan_29062020112803.pdf\" target=\"_blank\" rel=\"\">CALEND\u00c1RIO DAS PROVAS &#8211; 2\u00ba CICLO<\/a><\/strong><\/span><\/h3>\n<h3 style=\"text-align: left; padding-left: 120px;\"><span style=\"color: #000000;\"><strong>INFORMA\u00c7\u00d5ES PROVA &#8211; 2\u00ba CICLO<\/strong><\/span><\/h3>\n<p style=\"padding-left: 120px;\"><span style=\"color: #000000;\">&#8211;\u00a0<a style=\"color: #000000;\" href=\"https:\/\/www.agrupamentoolaias.edu.pt\/portal\/wp-content\/uploads\/2020\/06\/Informa\u00e7\u00e3o-Prova-Ciencias-2\u00baCiclo-2020-1.pdf\" target=\"_blank\" rel=\"\">INFORMA\u00c7\u00c3O PROVA CI\u00caNCIAS NATURAIS<\/a><\/span><\/p>\n<p style=\"padding-left: 120px;\"><span style=\"color: #000000;\">&#8211;\u00a0<a style=\"color: #000000;\" href=\"https:\/\/www.agrupamentoolaias.edu.pt\/portal\/wp-content\/uploads\/2020\/06\/inf-pro-ef_25062020092021.pdf\" target=\"_blank\" rel=\"\">INFORMA\u00c7\u00c3O PROVA EDUCA\u00c7\u00c3O F\u00cdSICA<\/a><\/span><\/p>\n<p style=\"padding-left: 120px;\">&#8211;\u00a0<span style=\"color: #000000;\"><a style=\"color: #000000;\" href=\"https:\/\/www.agrupamentoolaias.edu.pt\/portal\/wp-content\/uploads\/2020\/05\/Prova_Ed_musical_2c.pdf\" target=\"_blank\" rel=\"\">INFORMA\u00c7\u00c3O PROVA EDUCA\u00c7\u00c3O MUSICAL<\/a><\/span><\/p>\n<p style=\"padding-left: 120px;\"><span style=\"color: #000000;\">&#8211;\u00a0<a style=\"color: #000000;\" href=\"https:\/\/www.agrupamentoolaias.edu.pt\/portal\/wp-content\/uploads\/2020\/06\/INF.-EQ.-FREQ.-ET-19-20-1F-2.pdf\" target=\"_blank\" rel=\"\">INFORMA\u00c7\u00c3O PROVA EDUCA\u00c7\u00c3O TECNOL\u00d3GICA<\/a><\/span><\/p>\n<p style=\"padding-left: 120px;\"><span style=\"color: #000000;\">&#8211;\u00a0<a style=\"color: #000000;\" href=\"https:\/\/www.agrupamentoolaias.edu.pt\/portal\/wp-content\/uploads\/2020\/06\/inf-pro-ev_25062020094124.pdf\" target=\"_blank\" rel=\"\">INFORMA\u00c7\u00c3O PROVA EDUCA\u00c7\u00c3O VISUAL<\/a><\/span><\/p>\n<p style=\"padding-left: 120px;\"><span style=\"color: #000000;\">&#8211;\u00a0<a style=\"color: #000000;\" href=\"https:\/\/www.agrupamentoolaias.edu.pt\/portal\/wp-content\/uploads\/2020\/06\/inf-pro-hgp_25062020091948.pdf\" target=\"_blank\" rel=\"\">INFORMA\u00c7\u00c3O PROVA HIST\u00d3RIA E GEOGRAFIA DE PORTUGAL<\/a><\/span><\/p>\n<p style=\"padding-left: 120px;\"><span style=\"color: #000000;\">&#8211;\u00a0<a style=\"color: #000000;\" href=\"https:\/\/www.agrupamentoolaias.edu.pt\/portal\/wp-content\/uploads\/2020\/06\/inf-pro-ing_25062020094222.pdf\" target=\"_blank\" rel=\"\">INFORMA\u00c7\u00c3O PROVA INGL\u00caS<\/a><\/span><\/p>\n<p style=\"padding-left: 120px;\"><span style=\"color: #000000;\">&#8211;\u00a0<a style=\"color: #000000;\" href=\"https:\/\/www.agrupamentoolaias.edu.pt\/portal\/wp-content\/uploads\/2020\/06\/inf-prova-mat_25062020091854.pdf\" target=\"_blank\" rel=\"\">INFORMA\u00c7\u00c3O PROVA MATEM\u00c1TICA<\/a><\/span><\/p>\n<p style=\"padding-left: 120px;\"><span style=\"color: #000000;\">&#8211; <a style=\"color: #000000;\" href=\"https:\/\/www.agrupamentoolaias.edu.pt\/portal\/wp-content\/uploads\/2020\/05\/prova_portugues_2c.pdf\" target=\"_blank\" rel=\"\">INFORMA\u00c7\u00c3O PROVA PORTUGU\u00caS<\/a><\/span><\/p>\n<p style=\"padding-left: 120px;\"><span style=\"color: #000000;\">\u00a0&#8211;\u00a0<a style=\"color: #000000;\" href=\"https:\/\/www.agrupamentoolaias.edu.pt\/portal\/wp-content\/uploads\/2020\/06\/inf-pro-tic_25062020092036.pdf\" target=\"_blank\" rel=\"\">INFORMA\u00c7\u00c3O PROVA TIC<\/a><\/span><\/p>\n","protected":false},"excerpt":{"rendered":"<p>Legisla\u00e7\u00e3o &#8211;\u00a0Despacho Normativo n.\u00ba 3_A2020\u00a0 (inclui Regulamento de Exames) &#8211;\u00a0Decreto-Lei n.\u00ba 14-G 2020, de 13 de abril &#8211;\u00a0Norma 02 JNE<\/p>\n","protected":false},"author":1,"featured_media":0,"parent":0,"menu_order":0,"comment_status":"closed","ping_status":"closed","template":"","meta":{"footnotes":""},"class_list":["post-657","page","type-page","status-publish","hentry"],"wppr_data":{"cwp_meta_box_check":"No","cwp_rev_product_name":"","cwp_rev_product_image":"","cwp_image_link":"image","cwp_rev_price":""},"_links":{"self":[{"href":"https:\/\/www.agrupamentoolaias.edu.pt\/portal\/wp-json\/wp\/v2\/pages\/657"}],"collection":[{"href":"https:\/\/www.agrupamentoolaias.edu.pt\/portal\/wp-json\/wp\/v2\/pages"}],"about":[{"href":"https:\/\/www.agrupamentoolaias.edu.pt\/portal\/wp-json\/wp\/v2\/types\/page"}],"author":[{"embeddable":true,"href":"https:\/\/www.agrupamentoolaias.edu.pt\/portal\/wp-json\/wp\/v2\/users\/1"}],"replies":[{"embeddable":true,"href":"https:\/\/www.agrupamentoolaias.edu.pt\/portal\/wp-json\/wp\/v2\/comments?post=657"}],"version-history":[{"count":21,"href":"https:\/\/www.agrupamentoolaias.edu.pt\/portal\/wp-json\/wp\/v2\/pages\/657\/revisions"}],"predecessor-version":[{"id":752,"href":"https:\/\/www.agrupamentoolaias.edu.pt\/portal\/wp-json\/wp\/v2\/pages\/657\/revisions\/752"}],"wp:attachment":[{"href":"https:\/\/www.agrupamentoolaias.edu.pt\/portal\/wp-json\/wp\/v2\/media?parent=657"}],"curies":[{"name":"wp","href":"https:\/\/api.w.org\/{rel}","templated":true}]}}