{"id":835,"date":"2020-11-16T15:54:02","date_gmt":"2020-11-16T15:54:02","guid":{"rendered":"http:\/\/www.agrupamentoolaias.edu.pt\/portal\/?page_id=835"},"modified":"2024-10-27T19:37:21","modified_gmt":"2024-10-27T19:37:21","slug":"crierios-de-avaliacao","status":"publish","type":"page","link":"https:\/\/www.agrupamentoolaias.edu.pt\/portal\/crierios-de-avaliacao\/","title":{"rendered":"Cri\u00e9rios de avalia\u00e7\u00e3o"},"content":{"rendered":"\n<h6><span style=\"color: #99cc00;\"><strong>1\u00ba Ciclo<\/strong><\/span><\/h6>\n<p><a href=\"https:\/\/www.agrupamentoolaias.edu.pt\/portal\/wp-content\/uploads\/2024\/10\/Criterios-Avaliacao1ciclo.pdf\" target=\"_blank\" rel=\"noopener\">Crit\u00e9rios Avalia\u00e7\u00e3o 1ciclo<\/a><\/p>\n\n\n\n<h6 class=\"has-text-color\" style=\"color: #9ad100;\"><strong>Departamento de L\u00ednguas<\/strong><\/h6>\n\n\n\n<div class=\"wp-block-file\"><a id=\"wp-block-file--media-4671e27d-ce98-4e0b-914b-d327efd5bc5f\" href=\"https:\/\/www.agrupamentoolaias.edu.pt\/portal\/wp-content\/uploads\/2020\/11\/CRITERIOS_DE_AVALIACAO_FRANCES-789-2021-1-1.docx\" target=\"_blank\" rel=\"noreferrer noopener\">&#8211; Crit\u00e9rios de avalia\u00e7\u00e3o de Franc\u00eas <\/a><\/div>\n\n\n\n<div class=\"wp-block-file\"><a id=\"wp-block-file--media-86a674cb-b4d1-44d5-85d8-4530452bc459\" href=\"https:\/\/www.agrupamentoolaias.edu.pt\/portal\/wp-content\/uploads\/2020\/11\/CRITERIOS_DE_AVALICAO_INGLES.2020-2021.docx\" target=\"_blank\" rel=\"noreferrer noopener\">&#8211; Crit\u00e9rios de avalia\u00e7\u00e3o de Ingl\u00eas <\/a><\/div>\n\n\n\n<div class=\"wp-block-file\"><a id=\"wp-block-file--media-dbb9dd38-2b75-4a47-9b75-75abfba122aa\" href=\"https:\/\/www.agrupamentoolaias.edu.pt\/portal\/wp-content\/uploads\/2020\/11\/CRITERIOS_AVAL_2CICLO_2020_2021-1.doc\" target=\"_blank\" rel=\"noreferrer noopener\">&#8211; Crit\u00e9rios de avalia\u00e7\u00e3o de Portugu\u00eas 2\u00ba ciclo <\/a><\/div>\n\n\n\n<div class=\"wp-block-file\"><a id=\"wp-block-file--media-72918a51-3b8b-477e-99aa-bd60fc622dad\" href=\"https:\/\/www.agrupamentoolaias.edu.pt\/portal\/wp-content\/uploads\/2020\/11\/Crit\u00e9rios-PORTUGU\u00caS-20-21.doc\" target=\"_blank\" rel=\"noreferrer noopener\">&#8211; Crit\u00e9rios de avalia\u00e7\u00e3o de Portugu\u00eas 3\u00ba ciclo <\/a><\/div>\n\n\n\n<div class=\"wp-block-file\"><a id=\"wp-block-file--media-85ed0326-4f69-40b3-b410-f4d74475c855\" href=\"https:\/\/www.agrupamentoolaias.edu.pt\/portal\/wp-content\/uploads\/2020\/11\/CRITERIOS_AVAL_2020_2021_PLNM_-E@D_Misto-1.docx\" target=\"_blank\" rel=\"noreferrer noopener\">&#8211; Crit\u00e9rios de avalia\u00e7\u00e3o de PLNM -E@D_Misto<\/a><\/div>\n\n\n\n<h6><span style=\"color: #99cc00;\"><strong>Departamento de Express\u00f5es<\/strong><\/span><\/h6>\n\n\n\n<div class=\"wp-block-file\"><a id=\"wp-block-file--media-05928396-5c15-4b0d-8936-251676354de0\" href=\"https:\/\/www.agrupamentoolaias.edu.pt\/portal\/wp-content\/uploads\/2020\/11\/Crite\u0301rios-Especi\u0301ficos-de-Avaliac\u0327a\u0303o-EM-2020-2021.pdf\" target=\"_blank\" rel=\"noreferrer noopener\">&#8211; Crite\u0301rios de Avaliac\u0327a\u0303o de Educa\u00e7\u00e3o Musical 2\u00ba ciclo <\/a><\/div>\n\n\n\n<div class=\"wp-block-file\"><a id=\"wp-block-file--media-4ab3dc8f-d3e0-44c9-8401-7869b4fe4498\" href=\"https:\/\/www.agrupamentoolaias.edu.pt\/portal\/wp-content\/uploads\/2020\/11\/Crit\u00e9rios-Espec\u00edficos-de-Avalia\u00e7\u00e3o-EV-2\u00ba-Ciclo-2020-2021.pdf\" target=\"_blank\" rel=\"noreferrer noopener\">&#8211; Crit\u00e9rios de avalia\u00e7\u00e3o de Educa\u00e7\u00e3o Visual 2\u00ba Ciclo <\/a><\/div>\n\n\n\n<div class=\"wp-block-file\"><a id=\"wp-block-file--media-f3ec5f70-798f-447e-879f-a39c76d300a3\" href=\"https:\/\/www.agrupamentoolaias.edu.pt\/portal\/wp-content\/uploads\/2020\/11\/Crit\u00e9rios-Espec\u00edficos-de-Avalia\u00e7\u00e3o-EV-3\u00ba-Ciclo-2020-2021.pdf\" target=\"_blank\" rel=\"noreferrer noopener\">&#8211; Crit\u00e9rios de avalia\u00e7\u00e3o de Educa\u00e7\u00e3o Visual 3\u00ba Ciclo <\/a><\/div>\n\n\n\n<div class=\"wp-block-file\"><a id=\"wp-block-file--media-995dd388-6bae-45b3-b0fc-33f8f724d95a\" href=\"https:\/\/www.agrupamentoolaias.edu.pt\/portal\/wp-content\/uploads\/2020\/11\/Crit\u00e9rios-Espec\u00edficos-de-Avalia\u00e7\u00e3o-ET-2-3-ciclos-2020-21.pdf\" target=\"_blank\" rel=\"noreferrer noopener\">&#8211; Crit\u00e9rios de avalia\u00e7\u00e3o de Educa\u00e7\u00e3o Tecnol\u00f3gica 2\u00ba 3\u00ba ciclos <\/a><\/div>\n\n\n\n<div class=\"wp-block-file\"><a id=\"wp-block-file--media-cc52e52a-2cb0-49ed-8ce3-863b92e7b7ea\" href=\"https:\/\/www.agrupamentoolaias.edu.pt\/portal\/wp-content\/uploads\/2020\/11\/Crit\u00e9rios-Espec\u00edficos-de-Avalia\u00e7\u00e3o-Educa\u00e7\u00e3o-F\u00edsica-2020-2021.pdf\" target=\"_blank\" rel=\"noreferrer noopener\">&#8211; Crit\u00e9rios  de avalia\u00e7\u00e3o de Educa\u00e7\u00e3o F\u00edsica 2\u00ba 3\u00ba ciclos <\/a><\/div>\n\n\n\n<h6><span style=\"color: #99cc00;\"><strong>Departamento de Ci\u00eancias Sociais e Humanas<\/strong><\/span><\/h6>\n\n\n\n<div class=\"wp-block-file\"><a id=\"wp-block-file--media-2bf5f605-e52b-446c-b618-8f7d9a16a335\" href=\"https:\/\/www.agrupamentoolaias.edu.pt\/portal\/wp-content\/uploads\/2022\/06\/criterios_hgp_olaias_2021_2022.pdf\" target=\"_blank\" rel=\"noreferrer noopener\">&#8211; Crit\u00e9rios Hist\u00f3ria e Geografia Portugal <\/a><\/div>\n\n\n\n<div class=\"wp-block-file\"><a id=\"wp-block-file--media-ffd9ab90-b0ff-4b3a-86f0-993731d21ff1\" href=\"https:\/\/www.agrupamentoolaias.edu.pt\/portal\/wp-content\/uploads\/2020\/11\/HIST\u00d3RIA-Crit\u00e9rios-de-avalia\u00e7\u00e3o-2020-21-OLAIAS-3.docx\" target=\"_blank\" rel=\"noreferrer noopener\">&#8211; Crit\u00e9rio de avalia\u00e7\u00e3o de Hist\u00f3ria 3\u00ba ciclo<\/a><\/div>\n\n\n\n<p><a href=\"https:\/\/www.agrupamentoolaias.edu.pt\/portal\/wp-content\/uploads\/2024\/10\/criterios_ava_alunos_2024_2025.pdf\" target=\"_blank\" rel=\"noopener\">&#8211; Crit\u00e9rios de avalia\u00e7\u00e3o Geografia 2024 2025<\/a><\/p>\n\n\n\n<p><a href=\"https:\/\/www.agrupamentoolaias.edu.pt\/portal\/wp-content\/uploads\/2024\/10\/CD_2oe3oCiclos_CriteriosdeAvaliacao_2024-2025.docx.pdf\" target=\"_blank\" rel=\"noopener\">&#8211; Crit\u00e9rios de Avalia\u00e7\u00e3o de Cidadania e Desenvolvimento 2024-2025.docx<\/a><\/p>\n\n\n\n<h6><span style=\"color: #99cc00;\">Departamento de Matem\u00e1tica e Ci\u00eancias Experimentais<\/span><\/h6>\n\n\n\n<div class=\"wp-block-file\"><a id=\"wp-block-file--media-1d90d687-00aa-4729-b6c4-400ade7721ad\" href=\"https:\/\/www.agrupamentoolaias.edu.pt\/portal\/wp-content\/uploads\/2020\/11\/1-Crit\u00e9rios-de-Avalia\u00e7\u00e3o-Mat-2020-2021-1-Vers\u00e3o-Final.pdf\" target=\"_blank\" rel=\"noreferrer noopener\">&#8211; Crit\u00e9rios de Avalia\u00e7\u00e3o Matem\u00e1tica <\/a><\/div>\n\n\n\n<div class=\"wp-block-file\"><a id=\"wp-block-file--media-dea4faae-0674-470a-8a3c-f3e14300cfc0\" href=\"https:\/\/www.agrupamentoolaias.edu.pt\/portal\/wp-content\/uploads\/2020\/11\/1-Crit\u00e9rios-de-Avalia\u00e7\u00e3o-RegNPresencial-1-Vers\u00e3o-Final.pdf\" target=\"_blank\" rel=\"noreferrer noopener\">&#8211; Crit\u00e9rios de Avalia\u00e7\u00e3o RegNPresencial<\/a><\/div>\n\n\n\n<div class=\"wp-block-file\"><a id=\"wp-block-file--media-18105b8d-e79e-411b-9d18-ed3134b9ad66\" href=\"https:\/\/www.agrupamentoolaias.edu.pt\/portal\/wp-content\/uploads\/2020\/11\/3-Crit\u00e9rios-de-Avalia\u00e7\u00e3o-Ci\u00eancias-Naturais-regime-presencial-misto-e-n\u00e3o-presencial.pdf\" target=\"_blank\" rel=\"noreferrer noopener\">&#8211; Crit\u00e9rios de Avalia\u00e7\u00e3o Ci\u00eancias-Naturais regime-presencial-misto-e-n\u00e3o-presencial<\/a><\/div>\n\n\n\n<div class=\"wp-block-file\"><a id=\"wp-block-file--media-bb8b7c5f-ff84-4d38-8055-8fcd990aa262\" href=\"https:\/\/www.agrupamentoolaias.edu.pt\/portal\/wp-content\/uploads\/2020\/11\/4-Crit\u00e9rios-Avalia\u00e7\u00e3o-TIC-2-e-3\u00ba-ciclos-20-21.pdf\" target=\"_blank\" rel=\"noreferrer noopener\">&#8211; Crit\u00e9rios Avalia\u00e7\u00e3o TIC 2\u00ba 3\u00ba ciclos <\/a><\/div>\n\n\n\n<div class=\"wp-block-file\"><a id=\"wp-block-file--media-d873abc2-2004-4606-94bf-87e32ef489eb\" href=\"https:\/\/www.agrupamentoolaias.edu.pt\/portal\/wp-content\/uploads\/2020\/11\/2-Crit\u00e9rios-Avalia\u00e7\u00e3o-FQ-3\u00ba-ciclo-20-21.pdf\" target=\"_blank\" rel=\"noreferrer noopener\">&#8211; Crit\u00e9rios Avalia\u00e7\u00e3o F\u00edsico-Qu\u00edmica 3\u00ba-ciclo<\/a><\/div>\n\n\n\n<p><\/p>\n\n\n","protected":false},"excerpt":{"rendered":"<p>1\u00ba Ciclo Crit\u00e9rios Avalia\u00e7\u00e3o 1ciclo Departamento de L\u00ednguas Departamento de Express\u00f5es Departamento de Ci\u00eancias Sociais e Humanas &#8211; Crit\u00e9rios de<\/p>\n","protected":false},"author":1,"featured_media":1673,"parent":0,"menu_order":0,"comment_status":"closed","ping_status":"closed","template":"","meta":{"footnotes":""},"class_list":["post-835","page","type-page","status-publish","has-post-thumbnail","hentry"],"wppr_data":{"cwp_meta_box_check":"No","cwp_rev_product_name":"","cwp_rev_product_image":"","cwp_image_link":"image","cwp_rev_price":""},"_links":{"self":[{"href":"https:\/\/www.agrupamentoolaias.edu.pt\/portal\/wp-json\/wp\/v2\/pages\/835"}],"collection":[{"href":"https:\/\/www.agrupamentoolaias.edu.pt\/portal\/wp-json\/wp\/v2\/pages"}],"about":[{"href":"https:\/\/www.agrupamentoolaias.edu.pt\/portal\/wp-json\/wp\/v2\/types\/page"}],"author":[{"embeddable":true,"href":"https:\/\/www.agrupamentoolaias.edu.pt\/portal\/wp-json\/wp\/v2\/users\/1"}],"replies":[{"embeddable":true,"href":"https:\/\/www.agrupamentoolaias.edu.pt\/portal\/wp-json\/wp\/v2\/comments?post=835"}],"version-history":[{"count":23,"href":"https:\/\/www.agrupamentoolaias.edu.pt\/portal\/wp-json\/wp\/v2\/pages\/835\/revisions"}],"predecessor-version":[{"id":2390,"href":"https:\/\/www.agrupamentoolaias.edu.pt\/portal\/wp-json\/wp\/v2\/pages\/835\/revisions\/2390"}],"wp:featuredmedia":[{"embeddable":true,"href":"https:\/\/www.agrupamentoolaias.edu.pt\/portal\/wp-json\/wp\/v2\/media\/1673"}],"wp:attachment":[{"href":"https:\/\/www.agrupamentoolaias.edu.pt\/portal\/wp-json\/wp\/v2\/media?parent=835"}],"curies":[{"name":"wp","href":"https:\/\/api.w.org\/{rel}","templated":true}]}}