{"id":98,"date":"2016-01-29T10:13:30","date_gmt":"2016-01-29T10:13:30","guid":{"rendered":"http:\/\/www.agrupamentoolaias.edu.pt\/portal\/?page_id=98"},"modified":"2024-10-16T08:18:49","modified_gmt":"2024-10-16T08:18:49","slug":"documentos","status":"publish","type":"page","link":"https:\/\/www.agrupamentoolaias.edu.pt\/portal\/documentos\/","title":{"rendered":"Documentos orientadores"},"content":{"rendered":"\n<ul style=\"list-style-type: disc;\">\n<li>\n<h6><span style=\"color: #0000ff;\"><a style=\"color: #0000ff;\" href=\"https:\/\/www.agrupamentoolaias.edu.pt\/portal\/wp-content\/uploads\/2024\/10\/PROJ_EDU_2024_2026_FINAL.pdf\" target=\"_blank\" rel=\"noopener\"><span style=\"color: #000000;\">Projeto Educativo 2024-2026<\/span><\/a><\/span><\/h6>\n<\/li>\n<li>\n<h6><span style=\"color: #000000;\"><a style=\"color: #000000;\" href=\"https:\/\/www.agrupamentoolaias.edu.pt\/portal\/wp-content\/uploads\/2016\/01\/Reg_interno_olaias.pdf\" target=\"_blank\" rel=\"noopener\">Regulamento<\/a><a style=\"color: #000000;\" href=\"https:\/\/www.agrupamentoolaias.edu.pt\/portal\/wp-content\/uploads\/2016\/01\/Reg_interno_olaias.pdf\" target=\"_blank\" rel=\"noopener\"> Interno<\/a><\/span><\/h6>\n<\/li>\n<li>\n<h6><span style=\"color: #000000;\"><a style=\"color: #000000;\" href=\"https:\/\/www.agrupamentoolaias.edu.pt\/portal\/wp-content\/uploads\/2024\/10\/EECE_Olaias.pdf\" target=\"_blank\" rel=\"noopener\">Estrat\u00e9gia de Educa\u00e7\u00e3o para a Cidadania 2023-2026<\/a><\/span><\/h6>\n<\/li>\n<li>\n<h6><span style=\"color: #000000;\"><a style=\"color: #000000;\" href=\"https:\/\/www.agrupamentoolaias.edu.pt\/portal\/wp-content\/uploads\/2024\/10\/TEIP-Plano-de-Acao-TEIP4-20242027-DGE_aprovado.pdf\" target=\"_blank\" rel=\"noopener\">TEIP &#8211; Plano de A\u00e7\u00e3o TEIP4 &#8211; 2024-2027\u00a0<\/a><\/span><\/h6>\n<\/li>\n<li>\n<h6><span style=\"color: #000000;\"><a style=\"color: #000000;\" href=\"https:\/\/sites.google.com\/agrupamentoolaias.edu.pt\/aedasolaias\/Home?pli=1\" target=\"_blank\" rel=\"noopener\">Plano de a\u00e7\u00e3o de Desenvolvimento Digital da escola &#8211; PADDE 2023-2025<\/a><\/span><\/h6>\n<\/li>\n<\/ul>\n\n\n\n<div class=\"wp-block-columns is-layout-flex wp-container-core-columns-is-layout-1 wp-block-columns-is-layout-flex\">\n<div class=\"wp-block-column is-layout-flow wp-block-column-is-layout-flow\" style=\"flex-basis:100%\"><\/div>\n<\/div>\n","protected":false},"excerpt":{"rendered":"<p>Projeto Educativo 2024-2026 Regulamento Interno Estrat\u00e9gia de Educa\u00e7\u00e3o para a Cidadania 2023-2026 TEIP &#8211; Plano de A\u00e7\u00e3o TEIP4 &#8211; 2024-2027\u00a0<\/p>\n","protected":false},"author":1,"featured_media":1604,"parent":0,"menu_order":0,"comment_status":"closed","ping_status":"closed","template":"","meta":{"footnotes":""},"class_list":["post-98","page","type-page","status-publish","has-post-thumbnail","hentry"],"wppr_data":{"cwp_meta_box_check":"No","cwp_rev_product_name":"","cwp_rev_product_image":"","cwp_image_link":"image","cwp_rev_price":""},"_links":{"self":[{"href":"https:\/\/www.agrupamentoolaias.edu.pt\/portal\/wp-json\/wp\/v2\/pages\/98"}],"collection":[{"href":"https:\/\/www.agrupamentoolaias.edu.pt\/portal\/wp-json\/wp\/v2\/pages"}],"about":[{"href":"https:\/\/www.agrupamentoolaias.edu.pt\/portal\/wp-json\/wp\/v2\/types\/page"}],"author":[{"embeddable":true,"href":"https:\/\/www.agrupamentoolaias.edu.pt\/portal\/wp-json\/wp\/v2\/users\/1"}],"replies":[{"embeddable":true,"href":"https:\/\/www.agrupamentoolaias.edu.pt\/portal\/wp-json\/wp\/v2\/comments?post=98"}],"version-history":[{"count":55,"href":"https:\/\/www.agrupamentoolaias.edu.pt\/portal\/wp-json\/wp\/v2\/pages\/98\/revisions"}],"predecessor-version":[{"id":2376,"href":"https:\/\/www.agrupamentoolaias.edu.pt\/portal\/wp-json\/wp\/v2\/pages\/98\/revisions\/2376"}],"wp:featuredmedia":[{"embeddable":true,"href":"https:\/\/www.agrupamentoolaias.edu.pt\/portal\/wp-json\/wp\/v2\/media\/1604"}],"wp:attachment":[{"href":"https:\/\/www.agrupamentoolaias.edu.pt\/portal\/wp-json\/wp\/v2\/media?parent=98"}],"curies":[{"name":"wp","href":"https:\/\/api.w.org\/{rel}","templated":true}]}}